{"id":482,"date":"2025-02-26T12:06:23","date_gmt":"2025-02-26T12:06:23","guid":{"rendered":"https:\/\/herbmaratonow.pl\/?page_id=482"},"modified":"2025-02-26T12:06:26","modified_gmt":"2025-02-26T12:06:26","slug":"pisarze-mody","status":"publish","type":"page","link":"https:\/\/herbmaratonow.pl\/ro\/pisarze-mody\/","title":{"rendered":"Scriitori de mod\u0103"},"content":{"rendered":"","protected":false},"excerpt":{"rendered":"","protected":false},"author":1,"featured_media":0,"parent":0,"menu_order":0,"comment_status":"closed","ping_status":"closed","template":"","meta":{"_acf_changed":false,"footnotes":""},"class_list":["post-482","page","type-page","status-publish","hentry"],"acf":[],"yoast_head":"<!-- This site is optimized with the Yoast SEO plugin v23.2 - https:\/\/yoast.com\/wordpress\/plugins\/seo\/ -->\n<title>Pisarze mody - herbmaratonow.pl<\/title>\n<meta name=\"description\" content=\"Poznaj naszych autor\u00f3w \u2013 ekspert\u00f3w, kt\u00f3rzy \u015bledz\u0105 najnowsze trendy i dziel\u0105 si\u0119 wskaz\u00f3wkami, jak wygl\u0105da\u0107 stylowo ka\u017cdego dnia!\" \/>\n<meta name=\"robots\" content=\"index, follow, max-snippet:-1, max-image-preview:large, max-video-preview:-1\" \/>\n<link rel=\"canonical\" href=\"https:\/\/herbmaratonow.pl\/ro\/pisarze-mody\/\" \/>\n<meta property=\"og:locale\" content=\"ro_RO\" \/>\n<meta property=\"og:type\" content=\"article\" \/>\n<meta property=\"og:title\" content=\"Pisarze mody - herbmaratonow.pl\" \/>\n<meta property=\"og:description\" content=\"Poznaj naszych autor\u00f3w \u2013 ekspert\u00f3w, kt\u00f3rzy \u015bledz\u0105 najnowsze trendy i dziel\u0105 si\u0119 wskaz\u00f3wkami, jak wygl\u0105da\u0107 stylowo ka\u017cdego dnia!\" \/>\n<meta property=\"og:url\" content=\"https:\/\/herbmaratonow.pl\/ro\/pisarze-mody\/\" \/>\n<meta property=\"og:site_name\" content=\"herbmaratonow.pl\" \/>\n<meta property=\"article:modified_time\" content=\"2025-02-26T12:06:26+00:00\" \/>\n<meta name=\"twitter:card\" content=\"summary_large_image\" \/>\n<meta name=\"twitter:label1\" content=\"Timp estimat pentru citire\" \/>\n\t<meta name=\"twitter:data1\" content=\"1 minut\" \/>\n<script type=\"application\/ld+json\" class=\"yoast-schema-graph\">{\"@context\":\"https:\/\/schema.org\",\"@graph\":[{\"@type\":\"WebPage\",\"@id\":\"https:\/\/herbmaratonow.pl\/pisarze-mody\/\",\"url\":\"https:\/\/herbmaratonow.pl\/pisarze-mody\/\",\"name\":\"Pisarze mody - herbmaratonow.pl\",\"isPartOf\":{\"@id\":\"https:\/\/herbmaratonow.pl\/#website\"},\"datePublished\":\"2025-02-26T12:06:23+00:00\",\"dateModified\":\"2025-02-26T12:06:26+00:00\",\"description\":\"Poznaj naszych autor\u00f3w \u2013 ekspert\u00f3w, kt\u00f3rzy \u015bledz\u0105 najnowsze trendy i dziel\u0105 si\u0119 wskaz\u00f3wkami, jak wygl\u0105da\u0107 stylowo ka\u017cdego dnia!\",\"breadcrumb\":{\"@id\":\"https:\/\/herbmaratonow.pl\/pisarze-mody\/#breadcrumb\"},\"inLanguage\":\"ro-RO\",\"potentialAction\":[{\"@type\":\"ReadAction\",\"target\":[\"https:\/\/herbmaratonow.pl\/pisarze-mody\/\"]}]},{\"@type\":\"BreadcrumbList\",\"@id\":\"https:\/\/herbmaratonow.pl\/pisarze-mody\/#breadcrumb\",\"itemListElement\":[{\"@type\":\"ListItem\",\"position\":1,\"name\":\"Home\",\"item\":\"https:\/\/herbmaratonow.pl\/\"},{\"@type\":\"ListItem\",\"position\":2,\"name\":\"Pisarze mody\"}]},{\"@type\":\"WebSite\",\"@id\":\"https:\/\/herbmaratonow.pl\/#website\",\"url\":\"https:\/\/herbmaratonow.pl\/\",\"name\":\"herbmaratonow.pl\",\"description\":\"Tureckie sukienki: styl i elegancja.\",\"potentialAction\":[{\"@type\":\"SearchAction\",\"target\":{\"@type\":\"EntryPoint\",\"urlTemplate\":\"https:\/\/herbmaratonow.pl\/?s={search_term_string}\"},\"query-input\":\"required name=search_term_string\"}],\"inLanguage\":\"ro-RO\"}]}<\/script>\n<!-- \/ Yoast SEO plugin. -->","yoast_head_json":{"title":"Pisarze mody - herbmaratonow.pl","description":"Poznaj naszych autor\u00f3w \u2013 ekspert\u00f3w, kt\u00f3rzy \u015bledz\u0105 najnowsze trendy i dziel\u0105 si\u0119 wskaz\u00f3wkami, jak wygl\u0105da\u0107 stylowo ka\u017cdego dnia!","robots":{"index":"index","follow":"follow","max-snippet":"max-snippet:-1","max-image-preview":"max-image-preview:large","max-video-preview":"max-video-preview:-1"},"canonical":"https:\/\/herbmaratonow.pl\/ro\/pisarze-mody\/","og_locale":"ro_RO","og_type":"article","og_title":"Pisarze mody - herbmaratonow.pl","og_description":"Poznaj naszych autor\u00f3w \u2013 ekspert\u00f3w, kt\u00f3rzy \u015bledz\u0105 najnowsze trendy i dziel\u0105 si\u0119 wskaz\u00f3wkami, jak wygl\u0105da\u0107 stylowo ka\u017cdego dnia!","og_url":"https:\/\/herbmaratonow.pl\/ro\/pisarze-mody\/","og_site_name":"herbmaratonow.pl","article_modified_time":"2025-02-26T12:06:26+00:00","twitter_card":"summary_large_image","twitter_misc":{"Timp estimat pentru citire":"1 minut"},"schema":{"@context":"https:\/\/schema.org","@graph":[{"@type":"WebPage","@id":"https:\/\/herbmaratonow.pl\/pisarze-mody\/","url":"https:\/\/herbmaratonow.pl\/pisarze-mody\/","name":"Pisarze mody - herbmaratonow.pl","isPartOf":{"@id":"https:\/\/herbmaratonow.pl\/#website"},"datePublished":"2025-02-26T12:06:23+00:00","dateModified":"2025-02-26T12:06:26+00:00","description":"Poznaj naszych autor\u00f3w \u2013 ekspert\u00f3w, kt\u00f3rzy \u015bledz\u0105 najnowsze trendy i dziel\u0105 si\u0119 wskaz\u00f3wkami, jak wygl\u0105da\u0107 stylowo ka\u017cdego dnia!","breadcrumb":{"@id":"https:\/\/herbmaratonow.pl\/pisarze-mody\/#breadcrumb"},"inLanguage":"ro-RO","potentialAction":[{"@type":"ReadAction","target":["https:\/\/herbmaratonow.pl\/pisarze-mody\/"]}]},{"@type":"BreadcrumbList","@id":"https:\/\/herbmaratonow.pl\/pisarze-mody\/#breadcrumb","itemListElement":[{"@type":"ListItem","position":1,"name":"Home","item":"https:\/\/herbmaratonow.pl\/"},{"@type":"ListItem","position":2,"name":"Pisarze mody"}]},{"@type":"WebSite","@id":"https:\/\/herbmaratonow.pl\/#website","url":"https:\/\/herbmaratonow.pl\/","name":"herbmaratonow.pl","description":"Tureckie sukienki: styl i elegancja.","potentialAction":[{"@type":"SearchAction","target":{"@type":"EntryPoint","urlTemplate":"https:\/\/herbmaratonow.pl\/?s={search_term_string}"},"query-input":"required name=search_term_string"}],"inLanguage":"ro-RO"}]}},"yoast_meta":{"yoast_wpseo_title":"","yoast_wpseo_metadesc":"","yoast_wpseo_canonical":"https:\/\/herbmaratonow.pl\/ro\/wp-json\/wp\/v2\/pages\/482"},"_links":{"self":[{"href":"https:\/\/herbmaratonow.pl\/ro\/wp-json\/wp\/v2\/pages\/482","targetHints":{"allow":["GET"]}}],"collection":[{"href":"https:\/\/herbmaratonow.pl\/ro\/wp-json\/wp\/v2\/pages"}],"about":[{"href":"https:\/\/herbmaratonow.pl\/ro\/wp-json\/wp\/v2\/types\/page"}],"author":[{"embeddable":true,"href":"https:\/\/herbmaratonow.pl\/ro\/wp-json\/wp\/v2\/users\/1"}],"replies":[{"embeddable":true,"href":"https:\/\/herbmaratonow.pl\/ro\/wp-json\/wp\/v2\/comments?post=482"}],"version-history":[{"count":1,"href":"https:\/\/herbmaratonow.pl\/ro\/wp-json\/wp\/v2\/pages\/482\/revisions"}],"predecessor-version":[{"id":483,"href":"https:\/\/herbmaratonow.pl\/ro\/wp-json\/wp\/v2\/pages\/482\/revisions\/483"}],"wp:attachment":[{"href":"https:\/\/herbmaratonow.pl\/ro\/wp-json\/wp\/v2\/media?parent=482"}],"curies":[{"name":"wp","href":"https:\/\/api.w.org\/{rel}","templated":true}]}}